{"id":252043,"date":"2023-01-11T18:16:50","date_gmt":"2023-01-11T16:16:50","guid":{"rendered":"https:\/\/sonpereto.com\/rechtlicher-hinweis\/"},"modified":"2023-01-11T18:16:53","modified_gmt":"2023-01-11T16:16:53","slug":"rechtlicher-hinweis","status":"publish","type":"page","link":"https:\/\/sonpereto.com\/de\/rechtlicher-hinweis\/","title":{"rendered":"Rechtlicher Hinweis"},"content":{"rendered":"<p>[et_pb_section fb_built=&#8220;1&#8243; disabled_on=&#8220;on|on|&#8220; _builder_version=&#8220;3.22&#8243; background_image=&#8220;http:\/\/sonpereto.com\/interface\/wp-content\/uploads\/2017\/12\/sp_9.jpg&#8220; parallax=&#8220;on&#8220; parallax_method=&#8220;off&#8220;][et_pb_row column_structure=&#8220;1_3,2_3&#8243; _builder_version=&#8220;3.25&#8243; background_size=&#8220;initial&#8220; background_position=&#8220;top_left&#8220; background_repeat=&#8220;repeat&#8220;][et_pb_column type=&#8220;1_3&#8243; _builder_version=&#8220;3.25&#8243; custom_padding=&#8220;|||&#8220; custom_css_main_element=&#8220;min-height: 100vh;&#8220; custom_padding__hover=&#8220;|||&#8220;][\/et_pb_column][et_pb_column type=&#8220;2_3&#8243; _builder_version=&#8220;3.25&#8243; custom_padding=&#8220;5em||5em|4em&#8220; custom_css_main_element=&#8220;min-height: 100vh;&#8220; custom_padding__hover=&#8220;|||&#8220;][et_pb_text admin_label=&#8220;T\u00cdTOL SECCI\u00d3&#8220; _builder_version=&#8220;3.27.4&#8243; text_font=&#8220;Raleway Light||||&#8220; text_text_color=&#8220;#757575&#8243; text_font_size=&#8220;22&#8243; text_letter_spacing=&#8220;2px&#8220; background_layout=&#8220;dark&#8220; module_alignment=&#8220;center&#8220; custom_margin=&#8220;||40px|&#8220;]<\/p>\n<p style=\"text-align: left;\">Rechtlicher Hinweis<\/p>\n<p>[\/et_pb_text][et_pb_accordion _builder_version=&#8220;4.0.2&#8243; hover_enabled=&#8220;0&#8243; toggle_font=&#8220;|600|||||||&#8220;][et_pb_accordion_item title=&#8220;Daten zur Identifizierung&#8220; open=&#8220;on&#8220; _builder_version=&#8220;4.0.2&#8243;]<\/p>\n<p>In \u00dcbereinstimmung mit der Informationspflicht gem\u00e4\u00df Artikel 10 des Gesetzes 34\/2002 vom 11. Juli \u00fcber die Dienste der Informationsgesellschaft und den elektronischen Handel werden im Folgenden die folgenden Daten wiedergegeben: Das Unternehmen, das Eigent\u00fcmer der Web-Domain ist, ist SON PERETO S.L., mit der Adresse Carrer Princesa, 6 &#8211; 07500 Manacor, C.I.F. Nummer: B57930786. Kontakt-E-Mail: info@sonpereto.com der Website. <\/p>\n<p>[\/et_pb_accordion_item][et_pb_accordion_item title=&#8220;Benutzer&#8220; _builder_version=&#8220;4.0.2&#8243; open=&#8220;off&#8220;]<\/p>\n<p>Der Zugang und\/oder die Nutzung dieses Portals von SON PERETO S.L. setzt voraus, dass der BENUTZER mit dem Zugang und\/oder der Nutzung die hier enthaltenen Allgemeinen Nutzungsbedingungen akzeptiert. Die vorgenannten Bedingungen gelten unabh\u00e4ngig von den Allgemeinen Vertragsbedingungen, die gegebenenfalls zwingend sind. <\/p>\n<p>[\/et_pb_accordion_item][et_pb_accordion_item title=&#8220;Nutzung des Portals&#8220; _builder_version=&#8220;4.0.2&#8243; open=&#8220;off&#8220;]<\/p>\n<p>www.sonpereto.com bietet Zugang zu einer Vielzahl von Informationen, Diensten, Programmen oder Daten (im Folgenden &#8222;die Inhalte&#8220;) im Internet, die SON PERETO S.L. oder seinen Lizenzgebern geh\u00f6ren und zu denen der BENUTZER Zugang haben kann. Der BENUTZER \u00fcbernimmt die Verantwortung f\u00fcr die Nutzung des Portals. Diese Verantwortung erstreckt sich auch auf die Registrierung, die f\u00fcr den Zugang zu bestimmten Diensten oder Inhalten erforderlich sein kann.  <\/p>\n<p>Bei dieser Registrierung ist der BENUTZER daf\u00fcr verantwortlich, wahrheitsgem\u00e4\u00dfe und rechtm\u00e4\u00dfige Angaben zu machen. Als Folge dieser Registrierung kann dem BENUTZER ein Passwort zugeteilt werden, f\u00fcr das er verantwortlich ist und f\u00fcr dessen sorgf\u00e4ltige und vertrauliche Verwendung er sich verpflichtet. Der BENUTZER verpflichtet sich, die Inhalte und Dienste (wie z.B. Chat-Dienste, Diskussionsforen oder Newsgruppen), die SON PERETO S.L. \u00fcber sein Portal anbietet, in angemessener Weise zu nutzen und sie beispielsweise, aber nicht ausschlie\u00dflich, nicht f\u00fcr (i) unerlaubte, illegale oder gegen Treu und Glauben und die \u00f6ffentliche Ordnung versto\u00dfende Aktivit\u00e4ten zu verwenden; (ii) Inhalte oder Propaganda mit rassistischem, fremdenfeindlichem, pornografisch-illegalem, terroristischem oder gegen die Menschenrechte gerichtetem Inhalt zu verbreiten; (iii) Sch\u00e4den an den physischen und logischen Systemen von SON PERETO S.L., ihren Lieferanten oder Dritten zu verursachen, Computerviren oder andere physische oder logische Systeme einzuf\u00fchren oder zu verbreiten, die die oben genannten Sch\u00e4den verursachen k\u00f6nnen; (iv) zu versuchen, auf die E-Mail-Konten anderer Nutzer zuzugreifen und diese gegebenenfalls zu nutzen und ihre Nachrichten zu ver\u00e4ndern oder zu manipulieren. SON PERETO S.L. beh\u00e4lt sich das Recht vor, alle Kommentare und Beitr\u00e4ge zu entfernen, die die Achtung der Menschenw\u00fcrde verletzen, diskriminierend, fremdenfeindlich, rassistisch oder pornografisch sind, die gegen die Jugend oder das Kindesalter, die \u00f6ffentliche Ordnung oder die \u00f6ffentliche Sicherheit versto\u00dfen oder die seiner Meinung nach nicht zur Ver\u00f6ffentlichung geeignet sind. In jedem Fall ist SON PERETO S.L. nicht verantwortlich f\u00fcr die von den Nutzern in Foren, Chats oder anderen Beteiligungsinstrumenten ge\u00e4u\u00dferten Meinungen.        <\/p>\n<p>[\/et_pb_accordion_item][et_pb_accordion_item title=&#8220;Datenschutz&#8220; _builder_version=&#8220;4.0.2&#8243; open=&#8220;off&#8220;]<\/p>\n<p>F\u00fcr den Zugang zu einigen der von SON PERETO S.L. \u00fcber die Website angebotenen Dienstleistungen m\u00fcssen Sie einige pers\u00f6nliche Daten angeben. In \u00dcbereinstimmung mit den Bestimmungen der Verordnung (EU) 2016\/679 des Europ\u00e4ischen Parlaments und des Rates vom 27. April 2016 zum Schutz nat\u00fcrlicher Personen bei der Verarbeitung personenbezogener Daten und zum freien Datenverkehr informieren wir Sie dar\u00fcber, dass durch das Ausf\u00fcllen dieser Formulare Ihre personenbezogenen Daten in den Dateien von SON PERETO S.L. gespeichert und verarbeitet werden, um Ihnen unsere Dienstleistungen anzubieten und Sie \u00fcber Verbesserungen der Website zu informieren. Wir informieren Sie auch \u00fcber die M\u00f6glichkeit, Ihre Rechte auf Zugang, Berichtigung, L\u00f6schung und Widerspruch zu Ihren pers\u00f6nlichen Daten kostenlos per E-Mail an <a href=\"mailto:info@sonpereto.com\">info@sonpereto.com<\/a> oder an die Adresse Carrer Princesa, 6 &#8211; 07500 Manacor auszu\u00fcben.  <\/p>\n<p>SON PERETO S.L. informiert Sie au\u00dferdem, dass es das Gesetz 34\/2002 vom 11. Juli \u00fcber die Dienste der Informationsgesellschaft und den elektronischen Handel einh\u00e4lt und Sie jederzeit um Ihre Zustimmung zur Verarbeitung Ihrer E-Mail zu kommerziellen Zwecken bitten wird.<\/p>\n<p>[\/et_pb_accordion_item][et_pb_accordion_item title=&#8220;Geistiges und gewerbliches Eigentum&#8220; _builder_version=&#8220;4.0.2&#8243; open=&#8220;off&#8220;]<\/p>\n<p>SON PERETO S.L. selbst oder als Rechtsnachfolger ist Eigent\u00fcmer aller geistigen und gewerblichen Eigentumsrechte an seiner Website sowie an den darin enthaltenen Elementen (einschlie\u00dflich, aber nicht beschr\u00e4nkt auf Bilder, Ton, Audio, Video, Software oder Texte; Marken oder Logos, Farbkombinationen, Struktur und Design, Auswahl der verwendeten Materialien, Computerprogramme, die f\u00fcr den Betrieb, den Zugang und die Nutzung erforderlich sind, usw.), die SON PERETO S.L. oder seinen Lizenzgebern geh\u00f6ren.<\/p>\n<p>Alle Rechte vorbehalten. Gem\u00e4\u00df den Bestimmungen der Artikel 8 und 32.1, zweiter Absatz, des Gesetzes \u00fcber geistiges Eigentum sind die Vervielf\u00e4ltigung, die Verbreitung und die \u00f6ffentliche Bekanntmachung, einschlie\u00dflich der Bereitstellung, des gesamten oder eines Teils des Inhalts dieser Website zu kommerziellen Zwecken, in jedem Medium und mit allen technischen Mitteln, ohne die Genehmigung von SON PERETO S.L. ausdr\u00fccklich verboten. Der BENUTZER verpflichtet sich, die Rechte des geistigen und gewerblichen Eigentums von SON PERETO S.L. zu respektieren. Der BENUTZER kann die Elemente des Portals ansehen und sie sogar ausdrucken, kopieren und auf der Festplatte seines Computers oder auf einem anderen physischen Medium speichern, sofern dies einzig und allein zu seinem pers\u00f6nlichen und privaten Gebrauch geschieht. Der BENUTZER hat es zu unterlassen, die auf den Seiten von SON PERETO S.L. installierten Schutzvorrichtungen oder Sicherheitssysteme zu l\u00f6schen, zu ver\u00e4ndern, zu umgehen oder zu manipulieren.    <\/p>\n<div class=\"ezAdsense adsense adsense-midtext\"><\/div>\n<p>[\/et_pb_accordion_item][et_pb_accordion_item title=&#8220;Ausschluss von Garantien und Haftung&#8220; _builder_version=&#8220;4.0.2&#8243; open=&#8220;off&#8220;]<\/p>\n<p>SON PERETO S.L. \u00fcbernimmt unter keinen Umst\u00e4nden die Haftung f\u00fcr Sch\u00e4den jeglicher Art, die durch Fehler oder Auslassungen in den Inhalten, mangelnde Verf\u00fcgbarkeit des Portals oder die \u00dcbertragung von Viren oder b\u00f6sartigen oder sch\u00e4dlichen Programmen in den Inhalten verursacht werden k\u00f6nnen, obwohl alle erforderlichen technischen Ma\u00dfnahmen zu deren Vermeidung getroffen wurden.<\/p>\n<p>[\/et_pb_accordion_item][et_pb_accordion_item title=&#8220;\u00c4nderungen&#8220; _builder_version=&#8220;4.0.2&#8243; open=&#8220;off&#8220;]<\/p>\n<p>SON PERETO S.L. beh\u00e4lt sich das Recht vor, ohne Vorank\u00fcndigung \u00c4nderungen an seinem Portal vorzunehmen und sowohl die Inhalte und Dienstleistungen, die \u00fcber das Portal angeboten werden, als auch die Art und Weise, in der sie auf dem Portal pr\u00e4sentiert werden, zu \u00e4ndern, zu l\u00f6schen oder hinzuzuf\u00fcgen.<\/p>\n<p>[\/et_pb_accordion_item][et_pb_accordion_item title=&#8220;Links&#8220; _builder_version=&#8220;4.0.2&#8243; open=&#8220;off&#8220;]<\/p>\n<p>F\u00fcr den Fall, dass www.sonpereto.com Links oder Hyperlinks zu anderen Internetseiten enth\u00e4lt, \u00fcbt SON PERETO S.L. keine Kontrolle \u00fcber diese Seiten und Inhalte aus. SON PERETO S.L. \u00fcbernimmt in keinem Fall die Verantwortung f\u00fcr den Inhalt eines Links, der zu einer Website eines Dritten geh\u00f6rt, und garantiert auch nicht die technische Verf\u00fcgbarkeit, Qualit\u00e4t, Zuverl\u00e4ssigkeit, Genauigkeit, Vollst\u00e4ndigkeit, Wahrhaftigkeit, G\u00fcltigkeit und Verfassungsm\u00e4\u00dfigkeit des Materials oder der Informationen, die in solchen Hyperlinks oder anderen Websites enthalten sind. <\/p>\n<p>Ebenso wenig bedeutet die Aufnahme dieser externen Verbindungen irgendeine Art von Assoziierung, Fusion oder Beteiligung mit den verbundenen Einrichtungen.<\/p>\n<p>[\/et_pb_accordion_item][et_pb_accordion_item title=&#8220;Recht auf Ausschluss&#8220; _builder_version=&#8220;4.0.2&#8243; open=&#8220;off&#8220;]<\/p>\n<p>SON PERETO S.L. beh\u00e4lt sich das Recht vor, den Zugang zum Portal und\/oder zu den angebotenen Diensten ohne Vorank\u00fcndigung zu verweigern oder zu entziehen, und zwar auf eigenes Verlangen oder auf Verlangen eines Dritten, wenn der Nutzer die vorliegenden Allgemeinen Nutzungsbedingungen nicht einh\u00e4lt.<\/p>\n<p>[\/et_pb_accordion_item][et_pb_accordion_item title=&#8220;Allgemein&#8220; _builder_version=&#8220;4.0.2&#8243; open=&#8220;off&#8220;]<\/p>\n<p>SON PERETO S.L. wird die Verletzung dieser Bedingungen sowie jede missbr\u00e4uchliche Nutzung seines Portals verfolgen und alle zivil- und strafrechtlichen Ma\u00dfnahmen ergreifen, die ihm gesetzlich zustehen k\u00f6nnen.<\/p>\n<p>[\/et_pb_accordion_item][et_pb_accordion_item title=&#8220;\u00c4nderung dieser Bedingungen und der Dauer&#8220; _builder_version=&#8220;4.0.2&#8243; open=&#8220;off&#8220;]<\/p>\n<p>SON PERETO S.L. beh\u00e4lt sich das Recht vor, die hier aufgef\u00fchrten Bedingungen jederzeit zu \u00e4ndern, da sie hier ordnungsgem\u00e4\u00df ver\u00f6ffentlicht werden.<\/p>\n<p>Die G\u00fcltigkeit der vorgenannten Bedingungen h\u00e4ngt von ihrer Exposition ab und bleibt in Kraft, bis sie ordnungsgem\u00e4\u00df ver\u00f6ffentlicht und von anderen ge\u00e4ndert werden. <\/p>\n<p>[\/et_pb_accordion_item][et_pb_accordion_item title=&#8220;Anwendbares Recht und Gerichtsbarkeit&#8220; _builder_version=&#8220;4.0.2&#8243; open=&#8220;off&#8220;]<\/p>\n<p>Die Beziehung zwischen SON PERETO S.L. und dem BENUTZER unterliegt der geltenden spanischen Gesetzgebung und alle Streitigkeiten werden den Gerichten der Stadt Manacor vorgelegt.<\/p>\n<p>[\/et_pb_accordion_item][\/et_pb_accordion][\/et_pb_column][\/et_pb_row][\/et_pb_section][et_pb_section fb_built=&#8220;1&#8243; disabled_on=&#8220;off|off|on&#8220; _builder_version=&#8220;3.22&#8243; background_color=&#8220;#ffffff&#8220; custom_margin=&#8220;0px|||&#8220; custom_padding=&#8220;0px|||&#8220;][et_pb_row module_class=&#8220; et_pb_row_fullwidth&#8220; _builder_version=&#8220;3.25&#8243; background_image=&#8220;http:\/\/sonpereto.com\/interface\/wp-content\/uploads\/2017\/12\/sp_9.jpg&#8220; width=&#8220;100%&#8220; width_tablet=&#8220;100%&#8220; width_phone=&#8220;&#8220; width_last_edited=&#8220;on|desktop&#8220; max_width=&#8220;100%&#8220; max_width_tablet=&#8220;100%&#8220; max_width_phone=&#8220;&#8220; max_width_last_edited=&#8220;on|desktop&#8220; custom_margin=&#8220;0px|||&#8220; custom_padding=&#8220;0px|||&#8220; custom_css_main_element=&#8220;height:100vh;&#8220; make_fullwidth=&#8220;on&#8220;][et_pb_column type=&#8220;4_4&#8243; _builder_version=&#8220;3.25&#8243; background_position=&#8220;top_left&#8220; custom_padding=&#8220;|||&#8220; custom_padding__hover=&#8220;|||&#8220;][\/et_pb_column][\/et_pb_row][et_pb_row _builder_version=&#8220;3.25&#8243; background_color=&#8220;#ffffff&#8220; module_alignment=&#8220;center&#8220; custom_margin=&#8220;20px|15px|20px|35px&#8220;][et_pb_column type=&#8220;4_4&#8243; _builder_version=&#8220;3.25&#8243; background_color=&#8220;#ffffff&#8220; background_position=&#8220;top_left&#8220; custom_padding=&#8220;|||&#8220; custom_padding__hover=&#8220;|||&#8220;][et_pb_text admin_label=&#8220;T\u00cdTOL SECCI\u00d3&#8220; _builder_version=&#8220;3.27.4&#8243; text_font=&#8220;Raleway Light||||&#8220; text_text_color=&#8220;#757575&#8243; text_font_size=&#8220;22&#8243; text_letter_spacing=&#8220;2px&#8220; background_layout=&#8220;dark&#8220; module_alignment=&#8220;center&#8220; custom_margin=&#8220;||40px|&#8220;]<\/p>\n<p style=\"text-align: left;\">Rechtlicher Hinweis<\/p>\n<p>[\/et_pb_text][et_pb_accordion _builder_version=&#8220;4.0.2&#8243; hover_enabled=&#8220;0&#8243; toggle_font=&#8220;|600|||||||&#8220;][et_pb_accordion_item title=&#8220;Daten zur Identifizierung&#8220; open=&#8220;on&#8220; _builder_version=&#8220;4.0.2&#8243;]<\/p>\n<p>In \u00dcbereinstimmung mit der Informationspflicht gem\u00e4\u00df Artikel 10 des Gesetzes 34\/2002 vom 11. Juli \u00fcber die Dienste der Informationsgesellschaft und den elektronischen Handel werden im Folgenden die folgenden Daten wiedergegeben: Das Unternehmen, das Eigent\u00fcmer der Web-Domain ist, ist SON PERETO S.L., mit der Adresse Carrer Princesa, 6 &#8211; 07500 Manacor, C.I.F. Nummer: B57930786. Kontakt-E-Mail: info@sonpereto.com der Website. <\/p>\n<p>[\/et_pb_accordion_item][et_pb_accordion_item title=&#8220;Benutzer&#8220; _builder_version=&#8220;4.0.2&#8243; open=&#8220;off&#8220;]<\/p>\n<p>Der Zugang und\/oder die Nutzung dieses Portals von SON PERETO S.L. setzt voraus, dass der BENUTZER mit dem Zugang und\/oder der Nutzung die hier enthaltenen Allgemeinen Nutzungsbedingungen akzeptiert. Die vorgenannten Bedingungen gelten unabh\u00e4ngig von den Allgemeinen Vertragsbedingungen, die gegebenenfalls zwingend sind. <\/p>\n<p>[\/et_pb_accordion_item][et_pb_accordion_item title=&#8220;Nutzung des Portals&#8220; _builder_version=&#8220;4.0.2&#8243; open=&#8220;off&#8220;]<\/p>\n<p>www.sonpereto.com bietet Zugang zu einer Vielzahl von Informationen, Diensten, Programmen oder Daten (im Folgenden &#8222;die Inhalte&#8220;) im Internet, die SON PERETO S.L. oder seinen Lizenzgebern geh\u00f6ren und zu denen der BENUTZER Zugang haben kann. Der BENUTZER \u00fcbernimmt die Verantwortung f\u00fcr die Nutzung des Portals. Diese Verantwortung erstreckt sich auch auf die Registrierung, die f\u00fcr den Zugang zu bestimmten Diensten oder Inhalten erforderlich sein kann.  <\/p>\n<p>Bei dieser Registrierung ist der BENUTZER daf\u00fcr verantwortlich, wahrheitsgem\u00e4\u00dfe und rechtm\u00e4\u00dfige Angaben zu machen. Als Folge dieser Registrierung kann dem BENUTZER ein Passwort zugeteilt werden, f\u00fcr das er verantwortlich ist und f\u00fcr dessen sorgf\u00e4ltige und vertrauliche Verwendung er sich verpflichtet. Der BENUTZER verpflichtet sich, die Inhalte und Dienste (wie z.B. Chat-Dienste, Diskussionsforen oder Newsgruppen), die SON PERETO S.L. \u00fcber sein Portal anbietet, in angemessener Weise zu nutzen und sie beispielsweise, aber nicht ausschlie\u00dflich, nicht f\u00fcr (i) unerlaubte, illegale oder gegen Treu und Glauben und die \u00f6ffentliche Ordnung versto\u00dfende Aktivit\u00e4ten zu verwenden; (ii) Inhalte oder Propaganda mit rassistischem, fremdenfeindlichem, pornografisch-illegalem, terroristischem oder gegen die Menschenrechte gerichtetem Inhalt zu verbreiten; (iii) Sch\u00e4den an den physischen und logischen Systemen von SON PERETO S.L., ihren Lieferanten oder Dritten zu verursachen, Computerviren oder andere physische oder logische Systeme einzuf\u00fchren oder zu verbreiten, die die oben genannten Sch\u00e4den verursachen k\u00f6nnen; (iv) zu versuchen, auf die E-Mail-Konten anderer Nutzer zuzugreifen und diese gegebenenfalls zu nutzen und ihre Nachrichten zu ver\u00e4ndern oder zu manipulieren. SON PERETO S.L. beh\u00e4lt sich das Recht vor, alle Kommentare und Beitr\u00e4ge zu entfernen, die die Achtung der Menschenw\u00fcrde verletzen, diskriminierend, fremdenfeindlich, rassistisch oder pornografisch sind, die gegen die Jugend oder das Kindesalter, die \u00f6ffentliche Ordnung oder die \u00f6ffentliche Sicherheit versto\u00dfen oder die seiner Meinung nach nicht zur Ver\u00f6ffentlichung geeignet sind. In jedem Fall ist SON PERETO S.L. nicht verantwortlich f\u00fcr die von den Nutzern in Foren, Chats oder anderen Beteiligungsinstrumenten ge\u00e4u\u00dferten Meinungen.        <\/p>\n<p>[\/et_pb_accordion_item][et_pb_accordion_item title=&#8220;Datenschutz&#8220; _builder_version=&#8220;4.0.2&#8243; open=&#8220;off&#8220;]<\/p>\n<p>F\u00fcr den Zugang zu einigen der von SON PERETO S.L. \u00fcber die Website angebotenen Dienstleistungen m\u00fcssen Sie einige pers\u00f6nliche Daten angeben. In \u00dcbereinstimmung mit den Bestimmungen der Verordnung (EU) 2016\/679 des Europ\u00e4ischen Parlaments und des Rates vom 27. April 2016 zum Schutz nat\u00fcrlicher Personen bei der Verarbeitung personenbezogener Daten und zum freien Datenverkehr informieren wir Sie dar\u00fcber, dass durch das Ausf\u00fcllen dieser Formulare Ihre personenbezogenen Daten in den Dateien von SON PERETO S.L. gespeichert und verarbeitet werden, um Ihnen unsere Dienstleistungen anzubieten und Sie \u00fcber Verbesserungen der Website zu informieren. Wir informieren Sie auch \u00fcber die M\u00f6glichkeit, Ihre Rechte auf Zugang, Berichtigung, L\u00f6schung und Widerspruch zu Ihren pers\u00f6nlichen Daten kostenlos per E-Mail an <a href=\"mailto:info@sonpereto.com\">info@sonpereto.com<\/a> oder an die Adresse Carrer Princesa, 6 &#8211; 07500 Manacor auszu\u00fcben.  <\/p>\n<p>SON PERETO S.L. informiert Sie au\u00dferdem, dass es das Gesetz 34\/2002 vom 11. Juli \u00fcber die Dienste der Informationsgesellschaft und den elektronischen Handel einh\u00e4lt und Sie jederzeit um Ihre Zustimmung zur Verarbeitung Ihrer E-Mail zu kommerziellen Zwecken bitten wird.<\/p>\n<p>[\/et_pb_accordion_item][et_pb_accordion_item title=&#8220;Geistiges und gewerbliches Eigentum&#8220; _builder_version=&#8220;4.0.2&#8243; open=&#8220;off&#8220;]<\/p>\n<p>SON PERETO S.L. selbst oder als Rechtsnachfolger ist Eigent\u00fcmer aller geistigen und gewerblichen Eigentumsrechte an seiner Website sowie an den darin enthaltenen Elementen (einschlie\u00dflich, aber nicht beschr\u00e4nkt auf Bilder, Ton, Audio, Video, Software oder Texte; Marken oder Logos, Farbkombinationen, Struktur und Design, Auswahl der verwendeten Materialien, Computerprogramme, die f\u00fcr den Betrieb, den Zugang und die Nutzung erforderlich sind, usw.), die SON PERETO S.L. oder seinen Lizenzgebern geh\u00f6ren.<\/p>\n<p>Alle Rechte vorbehalten. Gem\u00e4\u00df den Bestimmungen der Artikel 8 und 32.1, zweiter Absatz, des Gesetzes \u00fcber geistiges Eigentum sind die Vervielf\u00e4ltigung, die Verbreitung und die \u00f6ffentliche Bekanntmachung, einschlie\u00dflich der Bereitstellung, des gesamten oder eines Teils des Inhalts dieser Website zu kommerziellen Zwecken, in jedem Medium und mit allen technischen Mitteln, ohne die Genehmigung von SON PERETO S.L. ausdr\u00fccklich verboten. Der BENUTZER verpflichtet sich, die Rechte des geistigen und gewerblichen Eigentums von SON PERETO S.L. zu respektieren. Der BENUTZER kann die Elemente des Portals ansehen und sie sogar ausdrucken, kopieren und auf der Festplatte seines Computers oder auf einem anderen physischen Medium speichern, sofern dies einzig und allein zu seinem pers\u00f6nlichen und privaten Gebrauch geschieht. Der BENUTZER hat es zu unterlassen, die auf den Seiten von SON PERETO S.L. installierten Schutzvorrichtungen oder Sicherheitssysteme zu l\u00f6schen, zu ver\u00e4ndern, zu umgehen oder zu manipulieren.    <\/p>\n<div class=\"ezAdsense adsense adsense-midtext\"><\/div>\n<p>[\/et_pb_accordion_item][et_pb_accordion_item title=&#8220;Ausschluss von Garantien und Haftung&#8220; _builder_version=&#8220;4.0.2&#8243; open=&#8220;off&#8220;]<\/p>\n<p>SON PERETO S.L. \u00fcbernimmt unter keinen Umst\u00e4nden die Haftung f\u00fcr Sch\u00e4den jeglicher Art, die durch Fehler oder Auslassungen in den Inhalten, mangelnde Verf\u00fcgbarkeit des Portals oder die \u00dcbertragung von Viren oder b\u00f6sartigen oder sch\u00e4dlichen Programmen in den Inhalten verursacht werden k\u00f6nnen, obwohl alle erforderlichen technischen Ma\u00dfnahmen zu deren Vermeidung getroffen wurden.<\/p>\n<p>[\/et_pb_accordion_item][et_pb_accordion_item title=&#8220;\u00c4nderungen&#8220; _builder_version=&#8220;4.0.2&#8243; open=&#8220;off&#8220;]<\/p>\n<p>SON PERETO S.L. beh\u00e4lt sich das Recht vor, ohne Vorank\u00fcndigung \u00c4nderungen an seinem Portal vorzunehmen und sowohl die Inhalte und Dienstleistungen, die \u00fcber das Portal angeboten werden, als auch die Art und Weise, in der sie auf dem Portal pr\u00e4sentiert werden, zu \u00e4ndern, zu l\u00f6schen oder hinzuzuf\u00fcgen.<\/p>\n<p>[\/et_pb_accordion_item][et_pb_accordion_item title=&#8220;Links&#8220; _builder_version=&#8220;4.0.2&#8243; open=&#8220;off&#8220;]<\/p>\n<p>F\u00fcr den Fall, dass www.sonpereto.com Links oder Hyperlinks zu anderen Internetseiten enth\u00e4lt, \u00fcbt SON PERETO S.L. keine Kontrolle \u00fcber diese Seiten und Inhalte aus. SON PERETO S.L. \u00fcbernimmt in keinem Fall die Verantwortung f\u00fcr den Inhalt eines Links, der zu einer Website eines Dritten geh\u00f6rt, und garantiert auch nicht die technische Verf\u00fcgbarkeit, Qualit\u00e4t, Zuverl\u00e4ssigkeit, Genauigkeit, Vollst\u00e4ndigkeit, Wahrhaftigkeit, G\u00fcltigkeit und Verfassungsm\u00e4\u00dfigkeit des Materials oder der Informationen, die in solchen Hyperlinks oder anderen Websites enthalten sind. <\/p>\n<p>Ebenso wenig bedeutet die Aufnahme dieser externen Verbindungen irgendeine Art von Assoziierung, Fusion oder Beteiligung mit den verbundenen Einrichtungen.<\/p>\n<p>[\/et_pb_accordion_item][et_pb_accordion_item title=&#8220;Recht auf Ausschluss&#8220; _builder_version=&#8220;4.0.2&#8243; open=&#8220;off&#8220;]<\/p>\n<p>SON PERETO S.L. beh\u00e4lt sich das Recht vor, den Zugang zum Portal und\/oder zu den angebotenen Diensten ohne Vorank\u00fcndigung zu verweigern oder zu entziehen, und zwar auf eigenes Verlangen oder auf Verlangen eines Dritten, wenn der Nutzer die vorliegenden Allgemeinen Nutzungsbedingungen nicht einh\u00e4lt.<\/p>\n<p>[\/et_pb_accordion_item][et_pb_accordion_item title=&#8220;Allgemein&#8220; _builder_version=&#8220;4.0.2&#8243; open=&#8220;off&#8220;]<\/p>\n<p>SON PERETO S.L. wird die Verletzung dieser Bedingungen sowie jede missbr\u00e4uchliche Nutzung seines Portals verfolgen und alle zivil- und strafrechtlichen Ma\u00dfnahmen ergreifen, die ihm gesetzlich zustehen k\u00f6nnen.<\/p>\n<p>[\/et_pb_accordion_item][et_pb_accordion_item title=&#8220;\u00c4nderung dieser Bedingungen und der Dauer&#8220; _builder_version=&#8220;4.0.2&#8243; open=&#8220;off&#8220;]<\/p>\n<p>SON PERETO S.L. beh\u00e4lt sich das Recht vor, die hier aufgef\u00fchrten Bedingungen jederzeit zu \u00e4ndern, da sie hier ordnungsgem\u00e4\u00df ver\u00f6ffentlicht werden.<\/p>\n<p>Die G\u00fcltigkeit der vorgenannten Bedingungen h\u00e4ngt von ihrer Exposition ab und bleibt in Kraft, bis sie ordnungsgem\u00e4\u00df ver\u00f6ffentlicht und von anderen ge\u00e4ndert werden. <\/p>\n<p>[\/et_pb_accordion_item][et_pb_accordion_item title=&#8220;Anwendbares Recht und Gerichtsbarkeit&#8220; _builder_version=&#8220;4.0.2&#8243; open=&#8220;off&#8220;]<\/p>\n<p>Die Beziehung zwischen SON PERETO S.L. und dem BENUTZER unterliegt der geltenden spanischen Gesetzgebung und alle Streitigkeiten werden den Gerichten der Stadt Manacor vorgelegt.<\/p>\n<p>[\/et_pb_accordion_item][\/et_pb_accordion][\/et_pb_column][\/et_pb_row][\/et_pb_section]<\/p>\n","protected":false},"excerpt":{"rendered":"<p>Rechtlicher Hinweis In \u00dcbereinstimmung mit der Informationspflicht gem\u00e4\u00df Artikel 10 des Gesetzes 34\/2002 vom 11. Juli \u00fcber die Dienste der Informationsgesellschaft und den elektronischen Handel werden im Folgenden die folgenden Daten wiedergegeben: Das Unternehmen, das Eigent\u00fcmer der Web-Domain ist, ist SON PERETO S.L., mit der Adresse Carrer Princesa, 6 &#8211; 07500 Manacor, C.I.F. Nummer: B57930786. [&hellip;]<\/p>\n","protected":false},"author":2,"featured_media":0,"parent":0,"menu_order":0,"comment_status":"closed","ping_status":"closed","template":"","meta":{"_et_pb_use_builder":"on","_et_pb_old_content":"","_et_gb_content_width":"","inline_featured_image":false},"acf":[],"_links":{"self":[{"href":"https:\/\/sonpereto.com\/de\/wp-json\/wp\/v2\/pages\/252043"}],"collection":[{"href":"https:\/\/sonpereto.com\/de\/wp-json\/wp\/v2\/pages"}],"about":[{"href":"https:\/\/sonpereto.com\/de\/wp-json\/wp\/v2\/types\/page"}],"author":[{"embeddable":true,"href":"https:\/\/sonpereto.com\/de\/wp-json\/wp\/v2\/users\/2"}],"replies":[{"embeddable":true,"href":"https:\/\/sonpereto.com\/de\/wp-json\/wp\/v2\/comments?post=252043"}],"version-history":[{"count":2,"href":"https:\/\/sonpereto.com\/de\/wp-json\/wp\/v2\/pages\/252043\/revisions"}],"predecessor-version":[{"id":252045,"href":"https:\/\/sonpereto.com\/de\/wp-json\/wp\/v2\/pages\/252043\/revisions\/252045"}],"wp:attachment":[{"href":"https:\/\/sonpereto.com\/de\/wp-json\/wp\/v2\/media?parent=252043"}],"curies":[{"name":"wp","href":"https:\/\/api.w.org\/{rel}","templated":true}]}}